{"id":235,"date":"2025-06-25T16:39:25","date_gmt":"2025-06-25T19:39:25","guid":{"rendered":"https:\/\/ruedalito.com.ar\/tienda\/?page_id=235"},"modified":"2025-08-10T12:54:40","modified_gmt":"2025-08-10T15:54:40","slug":"nosotros","status":"publish","type":"page","link":"https:\/\/ruedalito.com.ar\/tienda\/nosotros\/","title":{"rendered":"NOSOTROS"},"content":{"rendered":"\n<div class=\"wp-block-media-text is-stacked-on-mobile\" style=\"grid-template-columns:64% auto\"><figure class=\"wp-block-media-text__media\"><img loading=\"lazy\" decoding=\"async\" width=\"1024\" height=\"797\" src=\"https:\/\/ruedalito.com.ar\/tienda\/wp-content\/uploads\/2025\/07\/frente_ruedalito-e1753841990572-1024x797.jpg\" alt=\"\" class=\"wp-image-267 size-full\" srcset=\"https:\/\/ruedalito.com.ar\/tienda\/wp-content\/uploads\/2025\/07\/frente_ruedalito-e1753841990572-1024x797.jpg 1024w, https:\/\/ruedalito.com.ar\/tienda\/wp-content\/uploads\/2025\/07\/frente_ruedalito-e1753841990572-300x234.jpg 300w, https:\/\/ruedalito.com.ar\/tienda\/wp-content\/uploads\/2025\/07\/frente_ruedalito-e1753841990572-768x598.jpg 768w, https:\/\/ruedalito.com.ar\/tienda\/wp-content\/uploads\/2025\/07\/frente_ruedalito-e1753841990572.jpg 1035w\" sizes=\"auto, (max-width: 1024px) 100vw, 1024px\" \/><\/figure><div class=\"wp-block-media-text__content\">\n<p class=\"has-medium-font-size\">En Ruedalito SRL somos una empresa familiar con m\u00e1s de 75 a\u00f1os de trayectoria, nos dedicamos especialmente a comercializar llantas y neum\u00e1ticos de l\u00ednea automotor.<br>Nuestra historia comienza a mediados de la d\u00e9cada del 80, cuando <strong><em>Osvaldo Antonio Moras<\/em><\/strong>, fundador de la empresa, decidi\u00f3 ampliar su taller de soldadura y torner\u00eda a la comercializaci\u00f3n de llantas para autos, camionetas y camiones como forma de seguir brindando un servicio m\u00e1s completo. Con el paso del tiempo y escuchando las necesidades del mercado local, anexamos la venta de neum\u00e1ticos, convirti\u00e9ndonos en distribuidores oficiales de la marca <strong>Yokohama<\/strong> desde el a\u00f1o 1993.<\/p>\n\n\n\n<p><\/p>\n<\/div><\/div>\n\n\n\n<div class=\"wp-block-columns is-layout-flex wp-container-core-columns-is-layout-9d6595d7 wp-block-columns-is-layout-flex\">\n<div class=\"wp-block-column display-4 is-layout-flow wp-block-column-is-layout-flow\">\n<div class=\"wp-block-media-text has-media-on-the-right is-stacked-on-mobile\" style=\"grid-template-columns:auto 64%\"><div class=\"wp-block-media-text__content\">\n<p class=\"has-medium-font-size\">Hoy somos tercera generaci\u00f3n en Ruedalito SRL, seguimos trabajando con la misma dedicaci\u00f3n manteniendo los valores que nos identifican desde siempre, <strong><em>honestidad, compromiso, atenci\u00f3n personalizada, calidad de producto y humana.<\/em><\/strong><br>Lo que nos diferencia no es s\u00f3lo la experiencia, sino la manera en la que nos vinculamos en cada consulta, asesoramos y buscamos cuidar la seguridad, la est\u00e9tica del veh\u00edculo, que realice la mejor compra ofreciendo el mejor producto para su necesidad, lo cual nos marco para que muchos de nuestros clientes lleguen a nosotros por recomendaci\u00f3n, y ese es nuestro mayor orgullo. Adem\u00e1s, brindamos servicios integrales para el mantenimiento de su veh\u00edculo como alineaci\u00f3n, balanceo, reparaci\u00f3n de llantas y buloner\u00eda de ruedas.<\/p>\n<\/div><figure class=\"wp-block-media-text__media\"><img loading=\"lazy\" decoding=\"async\" width=\"1024\" height=\"504\" src=\"https:\/\/ruedalito.com.ar\/tienda\/wp-content\/uploads\/2025\/07\/adentro-e1753842098915-1024x504.jpg\" alt=\"\" class=\"wp-image-268 size-full\" srcset=\"https:\/\/ruedalito.com.ar\/tienda\/wp-content\/uploads\/2025\/07\/adentro-e1753842098915-1024x504.jpg 1024w, https:\/\/ruedalito.com.ar\/tienda\/wp-content\/uploads\/2025\/07\/adentro-e1753842098915-300x148.jpg 300w, https:\/\/ruedalito.com.ar\/tienda\/wp-content\/uploads\/2025\/07\/adentro-e1753842098915-768x378.jpg 768w, https:\/\/ruedalito.com.ar\/tienda\/wp-content\/uploads\/2025\/07\/adentro-e1753842098915.jpg 1280w\" sizes=\"auto, (max-width: 1024px) 100vw, 1024px\" \/><\/figure><\/div>\n\n\n\n<p class=\"has-medium-font-size\"><br>Contamos con una amplia gama de marcas y modelos de neum\u00e1ticos y llantas: <em>Yokohama, Hankook, Nexen, West Lake, Windforce<\/em> entre otras y tambi\u00e9n nuestra marca propia <strong>AUTOGREEN<\/strong>, de la cual somos importadores oficiales para la Rep\u00fablica Argentina.<br><\/p>\n<\/div>\n<\/div>\n\n\n\n<blockquote class=\"wp-block-quote is-layout-flow wp-block-quote-is-layout-flow\">\n<p class=\"has-large-font-size\">Creemos que una buena atenci\u00f3n marca la diferencia por eso <strong>nos esforzamos d\u00eda a d\u00eda<\/strong> para que cada cliente se sienta acompa\u00f1ado, informado y seguro al momento de elegirnos.<\/p>\n<\/blockquote>\n","protected":false},"excerpt":{"rendered":"<p>En Ruedalito SRL somos una empresa familiar con m\u00e1s de 75 a\u00f1os de trayectoria, nos dedicamos especialmente a comercializar llantas y neum\u00e1ticos de l\u00ednea automotor.Nuestra historia comienza a mediados de la d\u00e9cada del 80, cuando Osvaldo Antonio Moras, fundador de la empresa, decidi\u00f3 ampliar su taller de soldadura y torner\u00eda a la comercializaci\u00f3n de llantas [&hellip;]<\/p>\n","protected":false},"author":2,"featured_media":0,"parent":0,"menu_order":0,"comment_status":"closed","ping_status":"closed","template":"template-parts\/page-nosotros.php","meta":{"footnotes":""},"class_list":["post-235","page","type-page","status-publish","hentry"],"jetpack_sharing_enabled":true,"_links":{"self":[{"href":"https:\/\/ruedalito.com.ar\/tienda\/wp-json\/wp\/v2\/pages\/235","targetHints":{"allow":["GET"]}}],"collection":[{"href":"https:\/\/ruedalito.com.ar\/tienda\/wp-json\/wp\/v2\/pages"}],"about":[{"href":"https:\/\/ruedalito.com.ar\/tienda\/wp-json\/wp\/v2\/types\/page"}],"author":[{"embeddable":true,"href":"https:\/\/ruedalito.com.ar\/tienda\/wp-json\/wp\/v2\/users\/2"}],"replies":[{"embeddable":true,"href":"https:\/\/ruedalito.com.ar\/tienda\/wp-json\/wp\/v2\/comments?post=235"}],"version-history":[{"count":33,"href":"https:\/\/ruedalito.com.ar\/tienda\/wp-json\/wp\/v2\/pages\/235\/revisions"}],"predecessor-version":[{"id":301,"href":"https:\/\/ruedalito.com.ar\/tienda\/wp-json\/wp\/v2\/pages\/235\/revisions\/301"}],"wp:attachment":[{"href":"https:\/\/ruedalito.com.ar\/tienda\/wp-json\/wp\/v2\/media?parent=235"}],"curies":[{"name":"wp","href":"https:\/\/api.w.org\/{rel}","templated":true}]}}