{"id":362,"date":"2026-01-03T19:06:32","date_gmt":"2026-01-03T22:06:32","guid":{"rendered":"https:\/\/ruedalito.com.ar\/tienda\/?post_type=product&#038;p=362"},"modified":"2026-04-09T09:37:07","modified_gmt":"2026-04-09T12:37:07","slug":"autogreen-tour-chaser-tc1-165-70r14-81t","status":"publish","type":"product","link":"https:\/\/ruedalito.com.ar\/tienda\/productos\/autogreen-tour-chaser-tc1-165-70r14-81t\/","title":{"rendered":"AUTOGREEN Tour Chaser TC1 165\/70R14 81T"},"content":{"rendered":"<div class=\"Y3BBE\" data-sfc-cp=\"\" data-hveid=\"CAEQAA\" data-processed=\"true\">El\u00a0<strong class=\"Yjhzub\" data-processed=\"true\">Autogreen Tour Chaser TC1<\/strong>\u00a0es un\u00a0<mark class=\"HxTRcb\" data-processed=\"true\">neum\u00e1tico de verano para turismos familiares<\/mark>, enfocado en la econom\u00eda, el confort y la eficiencia de combustible, destacando por su bajo ruido, baja resistencia a la rodadura y buen rendimiento en mojado, siendo una opci\u00f3n econ\u00f3mica con buena relaci\u00f3n calidad-precio.<span class=\"uJ19be notranslate\" data-wiz-uids=\"PfMTuf_d,PfMTuf_e,PfMTuf_f\" data-processed=\"true\"><span class=\"vKEkVd\" data-animation-atomic=\"\" data-wiz-attrbind=\"class=PfMTuf_d\/TKHnVd;\" data-processed=\"true\">\u00a0<button class=\"rBl3me\" tabindex=\"0\" data-amic=\"true\" data-icl-uuid=\"94b5a013-0317-4dae-9ba3-a4273daeef3c\" aria-label=\"Ver enlaces relacionados\" data-wiz-attrbind=\"disabled=PfMTuf_d\/C5gNJc;class=PfMTuf_d\/UpSNec;\" data-ved=\"2ahUKEwiK0ZCGsfCRAxXhIbkGHXJ-IJwQye0OegQIARAC\" data-processed=\"true\"><\/button><\/span><\/span><\/div>\n<div class=\"Y3BBE\" data-sfc-cp=\"\" data-hveid=\"CAIQAA\" data-processed=\"true\"><strong class=\"Yjhzub\" data-processed=\"true\">Caracter\u00edsticas principales:<\/strong><button class=\"rBl3me\" tabindex=\"0\" data-amic=\"true\" data-icl-uuid=\"12b723de-894d-4cec-a42a-7c2bc929bd8e\" aria-label=\"Ver enlaces relacionados\" data-wiz-attrbind=\"disabled=PfMTuf_l\/C5gNJc;class=PfMTuf_l\/UpSNec;\" data-ved=\"2ahUKEwiK0ZCGsfCRAxXhIbkGHXJ-IJwQye0OegQIAhAB\" data-processed=\"true\"><\/button><\/div>\n<ul class=\"KsbFXc U6u95\" data-processed=\"true\">\n<li data-hveid=\"CAMQAA\" data-processed=\"true\"><span class=\"T286Pc\" data-sfc-cp=\"\" data-processed=\"true\"><strong class=\"Yjhzub\" data-processed=\"true\">Dise\u00f1o:<\/strong>\u00a0Patr\u00f3n asim\u00e9trico con ranuras laterales que mejoran la estabilidad y reducen el ruido.<\/span><\/li>\n<li data-hveid=\"CAMQAQ\" data-processed=\"true\"><span class=\"T286Pc\" data-sfc-cp=\"\" data-processed=\"true\"><strong class=\"Yjhzub\" data-processed=\"true\">Rendimiento:<\/strong>\u00a0Buen agarre en mojado y seco, dise\u00f1ado para un confort de marcha superior.<\/span><\/li>\n<li data-hveid=\"CAMQAg\" data-processed=\"true\"><span class=\"T286Pc\" data-sfc-cp=\"\" data-processed=\"true\"><strong class=\"Yjhzub\" data-processed=\"true\">Econom\u00eda:<\/strong>\u00a0Baja resistencia a la rodadura para mejorar la eficiencia del combustible.<\/span><\/li>\n<li data-hveid=\"CAMQAw\" data-processed=\"true\"><span class=\"T286Pc\" data-sfc-cp=\"\" data-processed=\"true\"><strong class=\"Yjhzub\" data-processed=\"true\">Uso:<\/strong>\u00a0Ideal para conductores que buscan un neum\u00e1tico econ\u00f3mico y confortable para uso diario en coches familiares.<\/span><span class=\"uJ19be notranslate\" data-wiz-uids=\"PfMTuf_11,PfMTuf_12,PfMTuf_13\" data-processed=\"true\"><span class=\"vKEkVd\" data-animation-atomic=\"\" data-wiz-attrbind=\"class=PfMTuf_11\/TKHnVd;\" data-processed=\"true\">\u00a0<\/span><\/span><\/li>\n<\/ul>\n","protected":false},"excerpt":{"rendered":"<p>El\u00a0Autogreen Tour Chaser TC1\u00a0es un\u00a0neum\u00e1tico de verano para turismos familiares, enfocado en la econom\u00eda, el confort y la eficiencia de combustible, destacando por su bajo ruido, baja resistencia a la rodadura y buen rendimiento en mojado, siendo una opci\u00f3n econ\u00f3mica con buena relaci\u00f3n calidad-precio.\u00a0 Caracter\u00edsticas principales: Dise\u00f1o:\u00a0Patr\u00f3n asim\u00e9trico con ranuras laterales que mejoran la estabilidad [&hellip;]<\/p>\n","protected":false},"featured_media":367,"template":"","meta":[],"product_brand":[31],"product_cat":[18],"product_tag":[],"class_list":{"0":"post-362","1":"product","2":"type-product","3":"status-publish","4":"has-post-thumbnail","6":"product_brand-autogreen","7":"product_cat-neumaticos","9":"first","10":"instock","11":"taxable","12":"shipping-taxable","13":"purchasable","14":"product-type-simple"},"jetpack_sharing_enabled":true,"_links":{"self":[{"href":"https:\/\/ruedalito.com.ar\/tienda\/wp-json\/wp\/v2\/product\/362","targetHints":{"allow":["GET"]}}],"collection":[{"href":"https:\/\/ruedalito.com.ar\/tienda\/wp-json\/wp\/v2\/product"}],"about":[{"href":"https:\/\/ruedalito.com.ar\/tienda\/wp-json\/wp\/v2\/types\/product"}],"wp:featuredmedia":[{"embeddable":true,"href":"https:\/\/ruedalito.com.ar\/tienda\/wp-json\/wp\/v2\/media\/367"}],"wp:attachment":[{"href":"https:\/\/ruedalito.com.ar\/tienda\/wp-json\/wp\/v2\/media?parent=362"}],"wp:term":[{"taxonomy":"product_brand","embeddable":true,"href":"https:\/\/ruedalito.com.ar\/tienda\/wp-json\/wp\/v2\/product_brand?post=362"},{"taxonomy":"product_cat","embeddable":true,"href":"https:\/\/ruedalito.com.ar\/tienda\/wp-json\/wp\/v2\/product_cat?post=362"},{"taxonomy":"product_tag","embeddable":true,"href":"https:\/\/ruedalito.com.ar\/tienda\/wp-json\/wp\/v2\/product_tag?post=362"}],"curies":[{"name":"wp","href":"https:\/\/api.w.org\/{rel}","templated":true}]}}